 {"id":152,"date":"2011-09-20T16:18:31","date_gmt":"2011-09-20T16:18:31","guid":{"rendered":"http:\/\/kommune4.dyndns.org\/wordpress\/?page_id=152"},"modified":"2019-08-12T22:51:12","modified_gmt":"2019-08-12T20:51:12","slug":"spenden","status":"publish","type":"page","link":"https:\/\/www.solidaridad-ev.org\/es\/mitmachen\/spenden\/","title":{"rendered":"Donaciones"},"content":{"rendered":"<p><\/p>\n<p>Inscribirse como <strong>patrocinado<\/strong> o hacer una <strong>donaci\u00f3n<\/strong><\/p>\n<p>Adem\u00e1s de integrantes que trabajen activamente con <em>solidaridad e.V.<\/em> siempre estamos buscando personas, que a pesar de no poder ayudar con su tiempo en nuestras actividades sin fines de lucro, tengan la voluntad y el deseo de apoyarnos. Existen dos opciones:<\/p>\n<p>Pueden inscribirse como patrocinadores y donar un monto fijo mensualmente desde su cuenta bancaria, o tambi\u00e9n existe la posibilidad de hacer una sola transacci\u00f3n. El valor del monto siempre ser\u00e1 definido por la persona misma. En cualquiera de los dos casos podemos emitirles una factura como comprobante de la donaci\u00f3n, de ser necesario.<\/p>\n<p>&nbsp;<\/p>\n<p>Los datos de nuestra cuenta bancaria son:<\/p>\n<p>Titular de la cuenta: Solidaridad e.V.<br \/>\nN\u00famero de cuenta (IBAN): DE90 4306 0967 1120 4914 00<br \/>\nN\u00famero de Banco (BIC): GENODEM1GLS<br \/>\nInstituto financiero: GLS Gemeinschaftsbank Bochum<\/p>\n<p><\/p>","protected":false},"excerpt":{"rendered":"<p>Inscribirse como patrocinado o hacer una donaci\u00f3n Adem\u00e1s de integrantes que trabajen activamente con solidaridad e.V. siempre estamos buscando personas, que a pesar de no poder ayudar con su tiempo en nuestras actividades sin fines de lucro, tengan la voluntad y el deseo de apoyarnos. Existen dos opciones: Pueden inscribirse como patrocinadores y donar un &hellip; <a href=\"https:\/\/www.solidaridad-ev.org\/es\/mitmachen\/spenden\/\" class=\"more-link\">Continuar leyendo<span class=\"screen-reader-text\"> &#8220;Donaciones&#8221;<\/span><\/a><\/p>\n","protected":false},"author":1,"featured_media":0,"parent":136,"menu_order":1,"comment_status":"closed","ping_status":"open","template":"","meta":{"footnotes":""},"class_list":["post-152","page","type-page","status-publish","hentry"],"_links":{"self":[{"href":"https:\/\/www.solidaridad-ev.org\/es\/wp-json\/wp\/v2\/pages\/152","targetHints":{"allow":["GET"]}}],"collection":[{"href":"https:\/\/www.solidaridad-ev.org\/es\/wp-json\/wp\/v2\/pages"}],"about":[{"href":"https:\/\/www.solidaridad-ev.org\/es\/wp-json\/wp\/v2\/types\/page"}],"author":[{"embeddable":true,"href":"https:\/\/www.solidaridad-ev.org\/es\/wp-json\/wp\/v2\/users\/1"}],"replies":[{"embeddable":true,"href":"https:\/\/www.solidaridad-ev.org\/es\/wp-json\/wp\/v2\/comments?post=152"}],"version-history":[{"count":13,"href":"https:\/\/www.solidaridad-ev.org\/es\/wp-json\/wp\/v2\/pages\/152\/revisions"}],"predecessor-version":[{"id":1270,"href":"https:\/\/www.solidaridad-ev.org\/es\/wp-json\/wp\/v2\/pages\/152\/revisions\/1270"}],"up":[{"embeddable":true,"href":"https:\/\/www.solidaridad-ev.org\/es\/wp-json\/wp\/v2\/pages\/136"}],"wp:attachment":[{"href":"https:\/\/www.solidaridad-ev.org\/es\/wp-json\/wp\/v2\/media?parent=152"}],"curies":[{"name":"wp","href":"https:\/\/api.w.org\/{rel}","templated":true}]}}